{"id":87,"date":"2021-03-03T14:16:18","date_gmt":"2021-03-03T14:16:18","guid":{"rendered":"https:\/\/csciuciulea.md\/?page_id=87"},"modified":"2024-11-14T10:56:07","modified_gmt":"2024-11-14T10:56:07","slug":"pagina-medicilor","status":"publish","type":"page","link":"https:\/\/csciuciulea.md\/?page_id=87","title":{"rendered":"Pagina medicilor"},"content":{"rendered":"<p style=\"text-align: center;\"><b>Ast\u0103zi in incinta IMSP CS CIUCIULEA s. Ciuciulea, r. Glodeni<\/b><br \/>\n<b>\u00a0A avut loc informarea pacien\u021bilor despre\u00a0<\/b><br \/>\n<b>Ziua Mondial\u0103 a Diabetului &#8211; 14 noiembrie 2024<\/b><br \/>\n<b>D-na Oxana Chironda\u00a0 a \u021binut lec\u021bie despre modul \u021bi stilul\u00a0 de via\u021b\u0103\u00a0<\/b><br \/>\n<b>\u00a0al pacien\u021bilor afecta\u021bi de diabetul zaharat, la fiecare pacient a fost masurat\u0103 glicemia si inminata informatie despre ingrijirea diabetului.<\/b><\/p>\n<p><a href=\"https:\/\/csciuciulea.md\/wp-content\/uploads\/2024\/11\/1.jpg\"><img loading=\"lazy\" decoding=\"async\" class=\"wp-image-181 size-medium alignleft\" src=\"https:\/\/csciuciulea.md\/wp-content\/uploads\/2024\/11\/1-300x212.jpg\" alt=\"\" width=\"300\" height=\"212\" srcset=\"https:\/\/csciuciulea.md\/wp-content\/uploads\/2024\/11\/1-300x212.jpg 300w, https:\/\/csciuciulea.md\/wp-content\/uploads\/2024\/11\/1-768x543.jpg 768w, https:\/\/csciuciulea.md\/wp-content\/uploads\/2024\/11\/1.jpg 817w\" sizes=\"auto, (max-width: 300px) 100vw, 300px\" \/><\/a><\/p>\n<p><span style=\"font-weight: 400;\">Ziua Mondial\u0103 a Diabetului este marcat\u0103 pe 14 noiembrie, ziua de na\u0219tere a lui Sir Frederick Banting, care a descoperit\u00a0 insulina \u00een 1921\u0219i ofer\u0103 o oportunitate de a cre\u0219te gradul de con\u0219tientizare cu privire la diabet ca problem\u0103 critic\u0103 de s\u0103n\u0103tate public\u0103 global\u0103 \u0219i de a sublinia ac\u021biunile colective \u0219i individuale necesare pentru a \u00eembun\u0103t\u0103\u021bi prevenirea, diagnosticarea \u0219i gestionarea afec\u021biunii.<\/span><\/p>\n<p><span style=\"font-weight: 400;\">Tema din acest an, <\/span><b>\u201eDistrugerea barierelor, eliminarea decalajelor\u201d,<\/b><span style=\"font-weight: 400;\"> sus\u021bine angajamentul de a reduce riscul de diabet \u0219i de a asigura c\u0103 to\u021bi oamenii care sunt diagnostica\u021bi cu diabet au acces la tratament \u0219i \u00eengrijire echitabil, cuprinz\u0103tor, accesibil \u0219i de calitate.<\/span><\/p>\n<p style=\"text-align: center;\"><b>Mesajele cheie<\/b><\/p>\n<p><b>Via\u021ba cu diabet<\/b><\/p>\n<p><span style=\"font-weight: 400;\">Diabetul poate afecta fiecare parte a vie\u021bii unei persoane, av\u00e2nd adesea un impact negativ asupra bun\u0103st\u0103rii acesteia.<\/span><\/p>\n<p><b>\u00cengrijirea diabetului<\/b><\/p>\n<p><span style=\"font-weight: 400;\">\u00cengrijirea actual\u0103 a diabetului nu include suport suficient pentru bun\u0103starea persoanei.<\/span><\/p>\n<p><b>Diabet \u0219i bun\u0103stare<\/b><\/p>\n<p><span style=\"font-weight: 400;\">Sprijinul pentru bun\u0103starea persoanei ar trebui s\u0103 fie prioritar \u00een \u00eengrijirea diabetului.<\/span><\/p>\n<p><b>\u021aintele Organiza\u021biei Mondiale a S\u0103n\u0103t\u0103\u021bii privind acoperirea diabetului propuse pentru a fi atinse p\u00e2n\u0103 \u00een anul 2030:<\/b><\/p>\n<ul>\n<li style=\"font-weight: 400;\" aria-level=\"1\"><span style=\"font-weight: 400;\">\u021ainta 1<\/span><b>: 80%\u00a0<\/b><span style=\"font-weight: 400;\">dintre persoanele cu diabet s\u0103 fie diagnosticate;<\/span><\/li>\n<li style=\"font-weight: 400;\" aria-level=\"1\"><span style=\"font-weight: 400;\">\u021ainta 2<\/span><b>: 80%\u00a0<\/b><span style=\"font-weight: 400;\">dintre persoanele diagnosticate s\u0103 aib\u0103 un control bun al glicemiei;<\/span><\/li>\n<li style=\"font-weight: 400;\" aria-level=\"1\"><span style=\"font-weight: 400;\">\u021ainta 3<\/span><b>: 80%\u00a0<\/b><span style=\"font-weight: 400;\">dintre persoanele diagnosticate s\u0103 aib\u0103 un bun control al tensiunii arteriale;<\/span><\/li>\n<li style=\"font-weight: 400;\" aria-level=\"1\"><span style=\"font-weight: 400;\">\u021ainta 4<\/span><b>: 60%\u00a0<\/b><span style=\"font-weight: 400;\">dintre persoanele cu diabet peste 40 de ani s\u0103 primeasc\u0103 statine;<\/span><\/li>\n<li style=\"font-weight: 400;\" aria-level=\"1\"><span style=\"font-weight: 400;\">\u021ainta 5<\/span><b>: 100%\u00a0<\/b><span style=\"font-weight: 400;\">dintre persoanele cu diabet zaharat de tip 1 s\u0103 aib\u0103 acces la tratament cu insulin\u0103 la pre\u021buri accesibile \u0219i la automonitorizarea glicemiei.<\/span><\/li>\n<\/ul>\n<p><b><i>Diabetul<\/i><\/b><span style=\"font-weight: 400;\"> este o problem\u0103global\u0103 de s\u0103n\u0103tate \u00een cre\u0219tere, care se preconizeaz\u0103 c\u0103 va afecta 1,3 miliarde de oameni p\u00e2n\u0103 \u00een 2050. Se preconizeaz\u0103 c\u0103 prevalen\u021ba diabetului va cre\u0219te \u0219i mai mult \u00een \u021b\u0103rile cu venituri mici \u0219i medii. \u00centre 2000 \u0219i 2019, a existat o cre\u0219tere cu 3% a ratelor de mortalitate standardizate \u00een func\u021bie de v\u00e2rst\u0103 din cauza diabetului. \u00cen \u021b\u0103rile cu venituri medii inferioare, rata mortalit\u0103\u021bii din cauza diabetului a crescut cu 13%. Dintre cei cu diabet, aproximativ 9 milioane de oameni la nivel global tr\u0103iesc cu diabet de tip 1 \u0219i, prin urmare, au nevoie de insulin\u0103. \u00cen plus, aproximativ 60 de milioane de persoane cu diabet zaharat de tip 2 au nevoie de insulin\u0103 pentru a ob\u021bine un control optim al glicemiei, dar doar aproximativ 50% dintre ace\u0219ti indivizi sunt capabili s\u0103 aib\u0103 acces la acest medicament.<\/span><\/p>\n<p><span style=\"font-weight: 400;\">Diabetul este una dintre cele mai frecvente boli cronice din Europa. Se estimeaz\u0103 c\u0103 74 de milioane de adul\u021bi (11,9% dintre b\u0103rba\u021bi \u0219i 10,9% dintre femei) \u0219i aproximativ 300\u00a0000 de copii \u0219i adolescen\u021bi tr\u0103iesc cu diabet zaharat \u00een Regiunea European\u0103 a OMS, care are cea mai mare povar\u0103 a diabetului de tip 1 din lume.Pe m\u0103sur\u0103 ce popula\u021bia \u00eemb\u0103tr\u00e2ne\u0219te \u0219i factorii de risc precum obezitatea cresc, 1 din 10 europeni ar putea avea diabet p\u00e2n\u0103 \u00een 2045.<\/span><\/p>\n<p><span style=\"font-weight: 400;\">Riscul de a dezvolta diabet zaharat de tip 2, ca \u0219i cel al multor alte afec\u021biuni cronice de s\u0103n\u0103tate, este legat de factori personali \u0219i de mediu, dar are, de asemenea, leg\u0103turi cu factori de risc precum consumul de tutun, dieta nes\u0103n\u0103toas\u0103 \u0219i inactivitatea fizic\u0103. <\/span> <span style=\"font-weight: 400;\">Deosebit de remarcat este faptul c\u0103 58,9 milioane de ani de via\u021b\u0103 ajusta\u021bi \u00een func\u021bie de dizabilitate (DALY), sau 76,5% din DALY asociate cu diabetul de tip 2, au fost atribui\u021bi diver\u0219ilor factori de risc. Este esen\u021bial s\u0103 recunoa\u0219tem c\u0103 diabetul de tip 2 este un factor cauzal major pentru mai multe afec\u021biuni debilitante, inclusiv orbire, insuficien\u021b\u0103 renal\u0103, atacuri de cord, accident vascular cerebral \u0219i amputarea membrelor inferioare. Dovezi ample indic\u0103 faptul c\u0103 fumatul cre\u0219te semnificativ riscul de a dezvolta diabet de tip 2 \u2013 cu 30-40% \u00een compara\u021bie cu persoanele care nu fumeaz\u0103.<\/span><\/p>\n<p><span style=\"font-weight: 400;\">Dac\u0103 diabetul nu este diagnosticat \u0219i gestionat corect, pot ap\u0103rea evenimente acute, care pun via\u021ba \u00een pericol (coma,dizabilitate progresiv\u0103 din cauza complica\u021biilor afec\u021biunii).Riscul de atac de cord \u0219i accident vascular cerebral cre\u0219te de p\u00e2n\u0103 la 4 ori pentru persoanele care tr\u0103iesc cu diabet.Tratamentele pentru diabet \u0219i complica\u021biile acestuia exist\u0103, dar nu sunt \u00eentotdeauna disponibile \u0219i accesibile \u00een regiune.<\/span><\/p>\n<p><b>Ce este diabetul?<\/b><\/p>\n<p><i><span style=\"font-weight: 400;\">Diabetul de tip 1<\/span><\/i><span style=\"font-weight: 400;\"> se caracterizeaz\u0103 prin produc\u021bia insuficient\u0103 de insulin\u0103 \u2013 un hormon care regleaz\u0103 glucoza (zah\u0103rul) din s\u00e2nge \u2013 de c\u0103tre pancreas. Acest tip de diabet este de obicei genetic \u0219i este tratat cu insulin\u0103 administrat\u0103 zilnic printr-o pomp\u0103 sau injec\u021bii. Adesea apare destul de brusc la tineri, cu simptome incluz\u00e2nd urinare excesiv\u0103, sete \u0219i sc\u0103dere \u00een greutate neinten\u021bionat\u0103.<\/span><\/p>\n<p><i><span style=\"font-weight: 400;\">Diabetul de tip 2<\/span><\/i><span style=\"font-weight: 400;\"> se caracterizeaz\u0103 prin utilizarea ineficient\u0103 a insulinei. Reprezint\u0103 aproximativ 90% dintre persoanele cu diabet \u0219i este \u00een mare m\u0103sur\u0103 prevenit\u0103. Factorii de risc includ excesul de greutate (\u00een special \u00een jurul taliei) \u0219i al\u021bi factori care contribuie la cre\u0219terea \u00een greutate, cum ar fi nivelurile sc\u0103zute de activitate fizic\u0103 \u0219i alimenta\u021bia nes\u0103n\u0103toas\u0103. Se prezint\u0103 adesea la v\u00e2rsta mijlocie, de\u0219i prevalen\u021ba este \u00een cre\u0219tere \u00een r\u00e2ndul copiilor \u0219i adolescen\u021bilor.Simptomele pot fi u\u0219oare, iar diagnosticul poate fi adesea am\u00e2nat p\u00e2n\u0103 dup\u0103 ce complica\u021biile au ap\u0103rut deja.\u00a0<\/span><\/p>\n<p><i><span style=\"font-weight: 400;\">Diabetul gesta\u021bional<\/span><\/i><span style=\"font-weight: 400;\"> se caracterizeaz\u0103 prin niveluri ridicate de zah\u0103r din s\u00e2nge \u00een timpul sarcinii.<\/span><\/p>\n<p><span style=\"font-weight: 400;\">Pentru milioanele de oameni care tr\u0103iesc cu diabet, via\u021ba de zi cu zi poate fi o lupt\u0103. Ei trebuie s\u0103 abordeze fiecare parte a zilei \u2013 acas\u0103, serviciu, \u0219coal\u0103 \u2013 cu precau\u021bie constant\u0103 \u0219i efort suplimentar. Aceasta este responsabilitatea zilnic\u0103 de a tr\u0103i cu diabet. Via\u021ba cu diabet oblig\u0103 s\u0103 fim mai rezisten\u021bi, organiza\u021bi \u0219i responsabili. \u00censeamn\u0103 c\u0103 trebuie s\u0103 ne g\u00e2ndim la tot ce m\u0103n\u00e2nc\u0103m \u0219i s\u0103 avem mai mult\u0103 grij\u0103 de noi dec\u00e2t al\u021bii \u2013 chiar \u0219i cea mai simpl\u0103 sarcin\u0103 necesit\u0103 multe decizii suplimentare.\u00a0<\/span><\/p>\n<p><span style=\"font-weight: 400;\">Dar, \u00een timp ce via\u021ba cu diabet afecteaz\u0103 at\u00e2t bun\u0103starea fizic\u0103, c\u00e2t \u0219i mental\u0103 a milioane de oameni, \u00eengrijirea diabetului este adesea limitat\u0103 la gestionarea zah\u0103rului din s\u00e2nge. Acest lucru \u00eei las\u0103 pe mul\u021bi oameni cu riscul de a fi cople\u0219i\u021bi de starea lor. <\/span><span style=\"font-weight: 400;\">Peste 90% dintre persoanele cu diabet au diabet de tip 2, care este determinat de factori socio-economici, demografici, de mediu \u0219i genetici. Printre principalii factori care contribuie la cre\u0219terea diabetului de tip 2 se num\u0103r\u0103:<\/span><\/p>\n<ul>\n<li><span style=\"font-weight: 400;\">Urbanizarea.<\/span><\/li>\n<li><span style=\"font-weight: 400;\">O popula\u021bie \u00een v\u00e2rst\u0103.<\/span><\/li>\n<li><span style=\"font-weight: 400;\">Sc\u0103derea nivelului de activitate fizic\u0103.<\/span><\/li>\n<li><span style=\"font-weight: 400;\">Cre\u0219terea prevalen\u021bei supraponderale \u0219i a <\/span><span style=\"font-weight: 400;\">obezit\u0103\u021bii.<\/span><\/li>\n<\/ul>\n<p><b>Simptomele<\/b><\/p>\n<p><span style=\"font-weight: 400;\">Simptomele diabetului pot ap\u0103rea brusc. \u00cen diabetul de tip 2, simptomele pot fi u\u0219oare \u0219i pot dura mul\u021bi ani p\u00e2n\u0103 fi observate \u0219i includ:<\/span><\/p>\n<ul>\n<li style=\"font-weight: 400;\" aria-level=\"1\"><span style=\"font-weight: 400;\">sete exesiv\u0103;<\/span><\/li>\n<li style=\"font-weight: 400;\" aria-level=\"1\"><span style=\"font-weight: 400;\">urinare frecvent\u0103;<\/span><\/li>\n<li style=\"font-weight: 400;\" aria-level=\"1\"><span style=\"font-weight: 400;\">vedere \u00eence\u021bo\u0219at\u0103;<\/span><\/li>\n<li style=\"font-weight: 400;\" aria-level=\"1\"><span style=\"font-weight: 400;\">senza\u021bie de oboseal\u0103;<\/span><\/li>\n<li style=\"font-weight: 400;\" aria-level=\"1\"><span style=\"font-weight: 400;\">pierderea \u00een greutate neinten\u0163ionat\u0103.<\/span><\/li>\n<\/ul>\n<p><b>Prevenirea<\/b><\/p>\n<p><span style=\"font-weight: 400;\">Unele tipuri de diabet pot fi prevenite prin \u021bintirea factorilor de risc cu interven\u021bii precum \u00eembun\u0103t\u0103\u021birea nutri\u021biei, cre\u0219terea activit\u0103\u021bii fizice, reducerea obezit\u0103\u021bii, reducerea consumului de tutun \u0219i oferirea de mai multe medii care sus\u021bin s\u0103n\u0103tatea.<\/span><\/p>\n<p><span style=\"font-weight: 400;\">\u00centruc\u00e2t unele tipuri de diabet \u0219i alte boli majore netransmisibile (BNT) au \u00een comun factori de risc modificabili, prevenirea trebuie integrat\u0103 \u00een abord\u0103rile popula\u021biei. Concentrarea pe prevenirea \u0219i gestionarea eficient\u0103 \u0219i accesibil\u0103 a unei combina\u021bii de factori de risc pentru diabet poate preveni dizabilitatea \u0219i decesul \u0219i poate \u00eembun\u0103t\u0103\u021bi calitatea vie\u021bii.<\/span><\/p>\n<p><span style=\"font-weight: 400;\">\u00cen Republica Moldova, cota diabetulului\u00a0<\/span><b>dintre toate bolile endocrine, bolile de nutri\u0163ie \u015fi metabolism<\/b><span style=\"font-weight: 400;\">\u00a0este \u00een jur de 48%. \u00cen anul 2023 inciden\u021ba prin diabet a constituit 40,6 cazuri la 10 mii locuitori, \u00een anul 2022-41,2 cazuri la 10 mii locuitori.\u00a0 Rata mortalit\u0103\u021bii \u00een a.2023 a constituit 15,2 la 100 mii locuitori, \u00een anul 2022 &#8211; 17,0.<\/span><\/p>\n<p><span style=\"font-weight: 400;\">Potrivitstudiului\u00a0<\/span><b>STEPS<\/b><span style=\"font-weight: 400;\">\u00a0(Prevalen\u021ba factorilor de risc pentru bolile netransmisibile \u00een Republica Moldova, 2021), una din cinci persoane (21,1%) nu \u0219i-a m\u0103surat niciodat\u0103 nivelul de zah\u0103r \u00een s\u00e2nge. La fiecare a zecea persoan\u0103 (9,9%) s-a constatat c\u0103 avea glicemia a jeun alterat\u0103 sau prediabet (glicemie plasmatic\u0103 a jeun 6,1-6,9 mmol\/l), iar 6,3% aveau fie diabet, fie glicemie crescut\u0103 (glicemie plasmatic\u0103 a jeun \u2265 7,0 mmol\/l sau luau medicamente antidiabetice).<\/span><\/p>\n<p><span style=\"font-weight: 400;\">\u00cen Republica Moldova, \u021bintele na\u021bionale na\u021bionale referitor la diabetul zaharat, aprobate prin Hot\u0103r\u00e2rea Guvernului 129\/2023 \u201dCu privire la aprobarea Programului na\u021bional de prevenire \u0219i control al bolilor netransmisibile prioritare \u00een Republica Moldova pentru anii 2023-2027\u201d sunt urm\u0103toarele:<\/span><\/p>\n<p><span style=\"font-weight: 400;\">\u2013\u00a0<\/span><b>Zero cre\u0219tere a ratei de obezitate \u0219i diabet.<\/b><br \/>\n<span style=\"font-weight: 400;\">\u2013\u00a0<\/span><b>Reducerea cu 5%<\/b><span style=\"font-weight: 400;\">\u00a0<\/span><b>a valorii medii a glucozei sanguine<\/b><span style=\"font-weight: 400;\">\u00a0la popula\u0163ia adult\u0103 \u015fi cu\u00a0<\/span><b>15% a prevalen\u0163ei glucozei sanguine\u00a0ridicate.<\/b><\/p>\n<p><span style=\"font-weight: 400;\">M\u0103surile simple pentru un stil de via\u021b\u0103 s\u0103n\u0103tos s-au dovedit a fi eficiente \u00een prevenirea sau am\u00e2narea debutului diabetului tip 2. Pentru a preveni diabetul tip 2 \u0219i complica\u021biile acestuia<\/span><b>, urma\u021bi c\u00e2teva recomand\u0103ri:<\/b><\/p>\n<ul>\n<li style=\"font-weight: 400;\" aria-level=\"1\"><span style=\"font-weight: 400;\">Alimenta\u021bi-v\u0103 s\u0103n\u0103tos:\u00a0M\u0103nca\u021bi variat \u0219i echilibrat.\u00a0Reduce\u021bi consumul de zah\u0103r, sare \u0219i gr\u0103simi trans;<\/span><\/li>\n<li style=\"font-weight: 400;\" aria-level=\"1\"><span style=\"font-weight: 400;\">Men\u021bine\u021bi greutatea corporal\u0103 s\u0103n\u0103toas\u0103. Practica\u021bi activitate fizic\u0103 de intensitate moderat\u0103 minim 150 de minute pe s\u0103pt\u0103m\u00e2n\u0103 (de exemplu: mers pe jos, alergat, \u00eenot sau ciclism);<\/span><\/li>\n<li style=\"font-weight: 400;\" aria-level=\"1\"><span style=\"font-weight: 400;\">Renun\u021ba\u021bi la fumat \u0219i reduce\u021bi consumul de alcool.\u00a0Acestea cresc riscul apari\u021biei complica\u021biilor \u00een diabetul zaharat;<\/span><\/li>\n<li style=\"font-weight: 400;\" aria-level=\"1\"><span style=\"font-weight: 400;\">Evita\u021bistresul \u0219i respecta\u021bi regimul de munc\u0103 \u0219i odihn\u0103;<\/span><\/li>\n<li style=\"font-weight: 400;\" aria-level=\"1\"><span style=\"font-weight: 400;\">\u021aine\u021bi sub control tensiunea arterial\u0103 \u0219i colesterolul din s\u00e2nge;<\/span><\/li>\n<li style=\"font-weight: 400;\" aria-level=\"1\"><span style=\"font-weight: 400;\">Gestiona\u021bi nivelul zah\u0103rului din s\u00e2nge.\u00a0Gestionarea eficient\u0103 a glicemiei este cea mai important\u0103 verig\u0103 \u00een reducerea riscului de complica\u021bii viitoare ale diabetului;<\/span><\/li>\n<li style=\"font-weight: 400;\" aria-level=\"1\"><span style=\"font-weight: 400;\">Urm\u0103ri\u021bi semnele:\u00a0sete excesiv\u0103, urinare frecvent\u0103, sc\u0103dere \u00een greutate inexplicabil\u0103, r\u0103ni cu vindecare lent\u0103, vedere \u00eence\u021bo\u0219at\u0103 \u0219i lips\u0103 de energie;<\/span><\/li>\n<li style=\"font-weight: 400;\" aria-level=\"1\"><span style=\"font-weight: 400;\">Consulta\u021bi cu regularitate medicul specialist.<\/span><\/li>\n<\/ul>\n<p><span style=\"font-weight: 400;\">Ziua Mondial\u0103 a Diabetului este o ocazie global\u0103 pentru persoanele cu diabet zaharat, profesioni\u0219tii din domeniul s\u0103n\u0103t\u0103\u021bii, sus\u021bin\u0103torii, factorii de decizie politic\u0103 \u0219i publicul s\u0103 se uneasc\u0103 pentru a cre\u0219te gradul de con\u0219tientizare \u0219i a lua m\u0103suri \u00eempotriva diabetului.<\/span><\/p>\n<p><span style=\"font-weight: 400;\">De Ziua Mondial\u0103 a Diabetului, implica\u021bi-v\u0103 \u0219i sus\u021bine\u021bi apelul pentru ca bun\u0103starea s\u0103 fie pus\u0103 \u00een centrul \u00eengrijirii diabetului.<\/span><\/p>\n<p>&nbsp;<\/p>\n","protected":false},"excerpt":{"rendered":"<p>Ast\u0103zi in incinta IMSP CS CIUCIULEA s. Ciuciulea, r. Glodeni \u00a0A avut loc informarea pacien\u021bilor despre\u00a0 Ziua Mondial\u0103 a Diabetului &#8211; 14 noiembrie 2024 D-na Oxana Chironda\u00a0 a \u021binut lec\u021bie despre modul \u021bi stilul\u00a0 de via\u021b\u0103\u00a0 \u00a0al pacien\u021bilor afecta\u021bi de diabetul zaharat, la fiecare pacient [&hellip;]<\/p>\n","protected":false},"author":2,"featured_media":0,"parent":0,"menu_order":0,"comment_status":"closed","ping_status":"closed","template":"","meta":{"footnotes":""},"class_list":["post-87","page","type-page","status-publish","hentry"],"_links":{"self":[{"href":"https:\/\/csciuciulea.md\/index.php?rest_route=\/wp\/v2\/pages\/87","targetHints":{"allow":["GET"]}}],"collection":[{"href":"https:\/\/csciuciulea.md\/index.php?rest_route=\/wp\/v2\/pages"}],"about":[{"href":"https:\/\/csciuciulea.md\/index.php?rest_route=\/wp\/v2\/types\/page"}],"author":[{"embeddable":true,"href":"https:\/\/csciuciulea.md\/index.php?rest_route=\/wp\/v2\/users\/2"}],"replies":[{"embeddable":true,"href":"https:\/\/csciuciulea.md\/index.php?rest_route=%2Fwp%2Fv2%2Fcomments&post=87"}],"version-history":[{"count":3,"href":"https:\/\/csciuciulea.md\/index.php?rest_route=\/wp\/v2\/pages\/87\/revisions"}],"predecessor-version":[{"id":182,"href":"https:\/\/csciuciulea.md\/index.php?rest_route=\/wp\/v2\/pages\/87\/revisions\/182"}],"wp:attachment":[{"href":"https:\/\/csciuciulea.md\/index.php?rest_route=%2Fwp%2Fv2%2Fmedia&parent=87"}],"curies":[{"name":"wp","href":"https:\/\/api.w.org\/{rel}","templated":true}]}}